{"id":1056,"date":"2015-03-22T20:05:22","date_gmt":"2015-03-22T20:05:22","guid":{"rendered":"http:\/\/www.steuergeraet-rep24.de\/wordpress\/?page_id=1056"},"modified":"2017-05-18T16:06:25","modified_gmt":"2017-05-18T16:06:25","slug":"tdi-diesel-warmstartprobleme","status":"publish","type":"page","link":"https:\/\/www.steuergeraet-rep24.de\/wordpress\/tdi-diesel-warmstartprobleme\/","title":{"rendered":"TDI \/ Diesel Warmstartprobleme"},"content":{"rendered":"<p style=\"text-align: justify;\">TDI \/ Diesel Warmstartprobleme Startprobleme Reparatur\u00a0 f\u00fcr folgende Fahrzeuge:<\/p>\n<blockquote>\n<p style=\"text-align: center;\"><strong>VW &#8211; AUDI &#8211; SEAT &#8211; SKODA<\/strong><\/p>\n<\/blockquote>\n<p style=\"text-align: justify;\">Sie kennen es sicherlich aus eigener Erfahrung, im kalten Zustand springt ihr TDI au\u00dfergew\u00f6hnlich gut an aber sobald das Fahrzeug warm ist m\u00fcssen Sie bis zu 10 Sekunden den Anlasser bet\u00e4tigen, bis der Wagen endlich wieder startet. Die ersten Vermutung ist meistens, dass der Anlasser oder die Batterie die Ursache f\u00fcr dieses Problem ist. Dies ist aber nicht so. Wir wissen, woran es liegt.<\/p>\n<p style=\"text-align: justify;\">Es ist ein Fehler der sich in der Programmierung im Steuerger\u00e4t befindet.Schicken Sie uns Ihr Steuerger\u00e4t einfach zu oder kommen Sie pers\u00f6nlich vorbei. Der Eingriff dauert je nach Fahrzeughersteller bis zu 2 Stunden.<\/p>\n<div id=\"attachment_975\" style=\"width: 210px\" class=\"wp-caption alignleft\"><a href=\"https:\/\/www.steuergeraet-rep24.de\/wordpress\/?page_id=616\"><img aria-describedby=\"caption-attachment-975\" decoding=\"async\" loading=\"lazy\" class=\"wp-image-975 \" style=\"border: 0px none; margin-top: 0px; margin-bottom: 0px;\" title=\"Schreiben Sie uns Ihr Anliegen!\" alt=\"kontaktformular\" src=\"https:\/\/www.steuergeraet-rep24.de\/wordpress\/wp-content\/uploads\/2014\/02\/kontaktformular.png\" width=\"200\" height=\"85\" \/><\/a><p id=\"caption-attachment-975\" class=\"wp-caption-text\"><strong>Reparaturanfrage? Wir helfen Ihnen gerne!<\/strong><\/p><\/div>\n<div id=\"attachment_980\" style=\"width: 130px\" class=\"wp-caption alignright\"><a href=\"https:\/\/www.steuergeraet-rep24.de\/wordpress\/?page_id=288\"><img aria-describedby=\"caption-attachment-980\" decoding=\"async\" loading=\"lazy\" class=\"wp-image-980  \" style=\"margin-top: 0px; margin-bottom: 0px; border: 0px none;\" alt=\"anfahrt\" src=\"https:\/\/www.steuergeraet-rep24.de\/wordpress\/wp-content\/uploads\/2014\/02\/anfahrt.png\" width=\"120\" height=\"105\" \/><\/a><p id=\"caption-attachment-980\" class=\"wp-caption-text\">Besuchen Sie uns vor Ort.<\/p><\/div>\n<p>&nbsp;<\/p>\n","protected":false},"excerpt":{"rendered":"<p>TDI \/ Diesel Warmstartprobleme Startprobleme Reparatur\u00a0 f\u00fcr folgende Fahrzeuge: VW &#8211; AUDI &#8211; SEAT &#8211; SKODA Sie kennen es sicherlich aus eigener Erfahrung, im kalten Zustand springt ihr TDI au\u00dfergew\u00f6hnlich gut an aber sobald das Fahrzeug warm ist m\u00fcssen Sie &hellip; <a href=\"https:\/\/www.steuergeraet-rep24.de\/wordpress\/tdi-diesel-warmstartprobleme\/\">Continue reading <span class=\"meta-nav\">&rarr;<\/span><\/a><\/p>\n","protected":false},"author":1,"featured_media":0,"parent":0,"menu_order":0,"comment_status":"closed","ping_status":"closed","template":"sidebar-page.php","meta":[],"_links":{"self":[{"href":"https:\/\/www.steuergeraet-rep24.de\/wordpress\/wp-json\/wp\/v2\/pages\/1056"}],"collection":[{"href":"https:\/\/www.steuergeraet-rep24.de\/wordpress\/wp-json\/wp\/v2\/pages"}],"about":[{"href":"https:\/\/www.steuergeraet-rep24.de\/wordpress\/wp-json\/wp\/v2\/types\/page"}],"author":[{"embeddable":true,"href":"https:\/\/www.steuergeraet-rep24.de\/wordpress\/wp-json\/wp\/v2\/users\/1"}],"replies":[{"embeddable":true,"href":"https:\/\/www.steuergeraet-rep24.de\/wordpress\/wp-json\/wp\/v2\/comments?post=1056"}],"version-history":[{"count":6,"href":"https:\/\/www.steuergeraet-rep24.de\/wordpress\/wp-json\/wp\/v2\/pages\/1056\/revisions"}],"predecessor-version":[{"id":1058,"href":"https:\/\/www.steuergeraet-rep24.de\/wordpress\/wp-json\/wp\/v2\/pages\/1056\/revisions\/1058"}],"wp:attachment":[{"href":"https:\/\/www.steuergeraet-rep24.de\/wordpress\/wp-json\/wp\/v2\/media?parent=1056"}],"curies":[{"name":"wp","href":"https:\/\/api.w.org\/{rel}","templated":true}]}}