{"id":1243,"date":"2016-11-29T12:56:53","date_gmt":"2016-11-29T12:56:53","guid":{"rendered":"http:\/\/www.steuergeraet-rep24.de\/wordpress\/?page_id=1243"},"modified":"2017-01-25T13:22:30","modified_gmt":"2017-01-25T13:22:30","slug":"1243-2","status":"publish","type":"page","link":"https:\/\/www.steuergeraet-rep24.de\/wordpress\/1243-2\/","title":{"rendered":"Mercedes EZS, ELV Reparatur, Schl\u00fcssel Programmierung"},"content":{"rendered":"<p><a title=\"Mercedes Schl\u00fcssel Reparatur\" href=\"https:\/\/www.steuergeraet-rep24.de\/wordpress\/wp-content\/uploads\/2013\/03\/KEY2.png\"><img decoding=\"async\" loading=\"lazy\" class=\"alignleft size-full wp-image-1280\" style=\"border: 0px none; margin-top: 0px; margin-bottom: 0px;\" alt=\"KEY2\" src=\"https:\/\/www.steuergeraet-rep24.de\/wordpress\/wp-content\/uploads\/2013\/03\/KEY2.png\" width=\"178\" height=\"96\" \/><\/a><\/p>\n<ul>\n<li>EZS Reparatur<\/li>\n<li>ELV (Elektronische Lenkrad Verrieglung) Reparatur<\/li>\n<li>Schl\u00fcssel Programmierung \/ Schl\u00fcssel Reparatur<\/li>\n<\/ul>\n<p><iframe loading=\"lazy\" src=\"https:\/\/www.youtube.com\/embed\/eRi3KVdU6Q0\" height=\"315\" width=\"560\" allowfullscreen=\"\" frameborder=\"0\"><\/iframe><\/p>\n<p><strong>Fehlerbeschreibung:<\/strong> Sie k\u00f6nnen Ihr Fahrzeug nicht mehr mit dem Funkschl\u00fcssel \u00f6ffnen? Oder Ihr Z\u00fcndschl\u00fcssel l\u00e4sst sich nicht mehr im Z\u00fcndschloss (EZS) drehen? Der Schl\u00fcssel wird sogar gar nicht erkannt und die EZS reagiert gar nicht? Meistens tritt der Fehler sporadisch auf und wird irgendwann zum Dauerproblem! Die Ursache f\u00fcr diesen Fehler liegt i.d.r in dem Z\u00fcndschloss, der sogenannten EZS. Da die Reparatur in der Fachwerkstatt meistens den finanziellen Rahmen sprengt und leicht Kosten von bis zu 1200 \u20ac verursacht, haben wir uns auf die Reparatur Ihrer EZS und ELV spezialisiert.<\/p>\n<p>Mit\u00a0 unserer <strong>langj\u00e4hrigen Erfahrung<\/strong> im Bereich KFZ-Programmierung bringen wir das n\u00f6tige<strong> Wissen und Know-How<\/strong> um Ihnen eine kosteng\u00fcnstige Reparatur zu erm\u00f6glichen! Um eine einwandfreie Reparatur zu gew\u00e4hrleisten, ben\u00f6tigen wir die EZS (Z\u00fcndschloss) mit s\u00e4mtlichen dazugeh\u00f6rigen Schl\u00fcsseln, sowie eine Kopie des Fahrzeugscheins.<\/p>\n<p><strong>Nach unserer Reparatur ist kein codieren\/anlernen mehr n\u00f6tig!<\/strong> Wir nutzen die vorhanden Daten Ihrer EZS, sodass Sie nach der Reparatur nichts mehr tun m\u00fcssen, au\u00dfer die EZS einzubauen und Ihr Fahrzeug mit Vergn\u00fcgen zu starten<\/p>\n","protected":false},"excerpt":{"rendered":"<p>EZS Reparatur ELV (Elektronische Lenkrad Verrieglung) Reparatur Schl\u00fcssel Programmierung \/ Schl\u00fcssel Reparatur Fehlerbeschreibung: Sie k\u00f6nnen Ihr Fahrzeug nicht mehr mit dem Funkschl\u00fcssel \u00f6ffnen? Oder Ihr Z\u00fcndschl\u00fcssel l\u00e4sst sich nicht mehr im Z\u00fcndschloss (EZS) drehen? Der Schl\u00fcssel wird sogar gar nicht &hellip; <a href=\"https:\/\/www.steuergeraet-rep24.de\/wordpress\/1243-2\/\">Continue reading <span class=\"meta-nav\">&rarr;<\/span><\/a><\/p>\n","protected":false},"author":1,"featured_media":0,"parent":0,"menu_order":0,"comment_status":"closed","ping_status":"closed","template":"sidebar-page.php","meta":[],"_links":{"self":[{"href":"https:\/\/www.steuergeraet-rep24.de\/wordpress\/wp-json\/wp\/v2\/pages\/1243"}],"collection":[{"href":"https:\/\/www.steuergeraet-rep24.de\/wordpress\/wp-json\/wp\/v2\/pages"}],"about":[{"href":"https:\/\/www.steuergeraet-rep24.de\/wordpress\/wp-json\/wp\/v2\/types\/page"}],"author":[{"embeddable":true,"href":"https:\/\/www.steuergeraet-rep24.de\/wordpress\/wp-json\/wp\/v2\/users\/1"}],"replies":[{"embeddable":true,"href":"https:\/\/www.steuergeraet-rep24.de\/wordpress\/wp-json\/wp\/v2\/comments?post=1243"}],"version-history":[{"count":27,"href":"https:\/\/www.steuergeraet-rep24.de\/wordpress\/wp-json\/wp\/v2\/pages\/1243\/revisions"}],"predecessor-version":[{"id":1291,"href":"https:\/\/www.steuergeraet-rep24.de\/wordpress\/wp-json\/wp\/v2\/pages\/1243\/revisions\/1291"}],"wp:attachment":[{"href":"https:\/\/www.steuergeraet-rep24.de\/wordpress\/wp-json\/wp\/v2\/media?parent=1243"}],"curies":[{"name":"wp","href":"https:\/\/api.w.org\/{rel}","templated":true}]}}