{"id":20,"date":"2013-03-24T21:27:02","date_gmt":"2013-03-24T21:27:02","guid":{"rendered":"http:\/\/www.xn--steuergert-rep24-3nb.de\/wordpress\/?page_id=20"},"modified":"2014-02-14T22:49:13","modified_gmt":"2014-02-14T22:49:13","slug":"wo-liegt-mein-steuergerat","status":"publish","type":"page","link":"https:\/\/www.steuergeraet-rep24.de\/wordpress\/wo-liegt-mein-steuergerat\/","title":{"rendered":"Wo liegt mein Steuerger\u00e4t?"},"content":{"rendered":"<p><!--:de--><br \/>\nDas zentrale Steuerger\u00e4t befindet sich unter der Mittelkonsole auf dem Getriebetunnel und beinhaltet Sensoren f\u00fcr die Ausl\u00f6sung des Airbag. Bis zu sechs ausgelagerte Airbagsensoren an Knotenpunkten des Signalflusses angeordnet sorgen im Zusammenspiel mit dem zentralen Steuerger\u00e4t f\u00fcr die gezielte und rechtzeitige Ausl\u00f6sung des R\u00fcckhaltesystems. Die Ausl\u00f6sung der Airbags erfolgt, wenn das System eine Beschleunigung bzw. Verz\u00f6gerung des Fahrzeugs misst, die vorgegebene Werte \u00fcbertrifft. Bleiben die Beschleunigungs- bzw. Verz\u00f6gerungswerte unterhalb der dem System vorgegebenen Schwelle, erfolgt keine Ausl\u00f6sung. Wenn Sie Probleme beim ausbauen des Airbag Steuerger\u00e4tes haben, beauftragen Sie uns damit, dass Airbagsteuerger\u00e4t ab zu montieren*.<br \/>\n<!--:--><br \/>\n<!--:en--><br \/>\nThe central control unit is located under the center console on the transmission tunnel and includes sensors for triggering the airbag. Located up to six outsourced airbag sensors at intersections of the signal flow work alongside with the central control unit for the targeted and timely release of the restraint system. Is the deployment of the airbags, if the system is a measure of the vehicle acceleration or deceleration in excess of predetermined values. Will the acceleration and deceleration values \u200b\u200bbelow the threshold the system default, there is no release.<br \/>\n<!--:--><br \/>\n<a href=\"http:\/\/www.xn--steuergert-rep24-3nb.de\/wordpress\/wp-content\/uploads\/2013\/03\/Unbenannt.jpg\"><img decoding=\"async\" loading=\"lazy\" class=\"aligncenter size-full wp-image-21\" alt=\"Unbenannt\" src=\"http:\/\/www.xn--steuergert-rep24-3nb.de\/wordpress\/wp-content\/uploads\/2013\/03\/Unbenannt.jpg\" width=\"559\" height=\"404\" srcset=\"https:\/\/www.steuergeraet-rep24.de\/wordpress\/wp-content\/uploads\/2013\/03\/Unbenannt.jpg 559w, https:\/\/www.steuergeraet-rep24.de\/wordpress\/wp-content\/uploads\/2013\/03\/Unbenannt-300x216.jpg 300w\" sizes=\"(max-width: 559px) 100vw, 559px\" \/><\/a><\/p>\n<p>&nbsp;<\/p>\n<p><!--:de--><br \/>\n<strong>Ausnahmenf\u00e4lle:\u00a0<\/strong><br \/>\nAlfa Romeo Spider &#8211; Hinter der R\u00fccksitzbank<br \/>\nOpel Astra H &#8211; Hinter der Handbremse<br \/>\nRenault Clio 2 &#8211; Unter dem Aschenbecher<br \/>\nPeugoet 206 cc &#8211; Unter dem Aschenbecher<br \/>\nFord Focus Kombi &#8211; Mittig in deer Mittelkonsole<br \/>\nFord Ka &#8211; Unter dem Teppich im mittleren vorderen Bereich<br \/>\n<!--:--><br \/>\n<!--:en--><br \/>\n<strong>Exceptions:\u00a0<\/strong><br \/>\nAlfa Romeo Spider &#8211; Behind the rear seat<br \/>\nOpel Astra H &#8211; Behind the handbrake<br \/>\nRenault Clio 2 &#8211; Under the ashtray<br \/>\nPeugoet 206 cc &#8211; Under the ashtray<br \/>\n<!--:--><\/p>\n<p><strong>Hinweis:<\/strong><br \/>\nSollten Sie Probleme haben, Ihr Airbagsteuerger\u00e4t zu finden, schicken Sie uns eine E-Mail oder rufen Sie uns an! Wir helfen Ihnen gerne weiter.<\/p>\n<p>* Entfernen und Einbau des Airbagsteuerger\u00e4ts kostet 40\u20ac<\/p>\n","protected":false},"excerpt":{"rendered":"<p>Das zentrale Steuerger\u00e4t befindet sich unter der Mittelkonsole auf dem Getriebetunnel und beinhaltet Sensoren f\u00fcr die Ausl\u00f6sung des Airbag. Bis zu sechs ausgelagerte Airbagsensoren an Knotenpunkten des Signalflusses angeordnet sorgen im Zusammenspiel mit dem zentralen Steuerger\u00e4t f\u00fcr die gezielte und &hellip; <a href=\"https:\/\/www.steuergeraet-rep24.de\/wordpress\/wo-liegt-mein-steuergerat\/\">Continue reading <span class=\"meta-nav\">&rarr;<\/span><\/a><\/p>\n","protected":false},"author":1,"featured_media":0,"parent":0,"menu_order":0,"comment_status":"closed","ping_status":"closed","template":"sidebar-page.php","meta":[],"_links":{"self":[{"href":"https:\/\/www.steuergeraet-rep24.de\/wordpress\/wp-json\/wp\/v2\/pages\/20"}],"collection":[{"href":"https:\/\/www.steuergeraet-rep24.de\/wordpress\/wp-json\/wp\/v2\/pages"}],"about":[{"href":"https:\/\/www.steuergeraet-rep24.de\/wordpress\/wp-json\/wp\/v2\/types\/page"}],"author":[{"embeddable":true,"href":"https:\/\/www.steuergeraet-rep24.de\/wordpress\/wp-json\/wp\/v2\/users\/1"}],"replies":[{"embeddable":true,"href":"https:\/\/www.steuergeraet-rep24.de\/wordpress\/wp-json\/wp\/v2\/comments?post=20"}],"version-history":[{"count":14,"href":"https:\/\/www.steuergeraet-rep24.de\/wordpress\/wp-json\/wp\/v2\/pages\/20\/revisions"}],"predecessor-version":[{"id":490,"href":"https:\/\/www.steuergeraet-rep24.de\/wordpress\/wp-json\/wp\/v2\/pages\/20\/revisions\/490"}],"wp:attachment":[{"href":"https:\/\/www.steuergeraet-rep24.de\/wordpress\/wp-json\/wp\/v2\/media?parent=20"}],"curies":[{"name":"wp","href":"https:\/\/api.w.org\/{rel}","templated":true}]}}