{"id":200,"date":"2013-09-13T14:24:26","date_gmt":"2013-09-13T14:24:26","guid":{"rendered":"http:\/\/www.steuergeraet-rep24.de\/wordpress\/?page_id=200"},"modified":"2017-05-18T16:07:14","modified_gmt":"2017-05-18T16:07:14","slug":"ursache-defektes-steuergerat","status":"publish","type":"page","link":"https:\/\/www.steuergeraet-rep24.de\/wordpress\/ursache-defektes-steuergerat\/","title":{"rendered":"Ursache f\u00fcr defektes Steuerger\u00e4t"},"content":{"rendered":"<p><strong>Unfall<\/strong> Bei einem starken Verkehrsunfall melden die Sensoren eine Gefahr. Diese Gefahr wird dem Airbagsteuerger\u00e4t gemeldet. Das Airbagsteuerger\u00e4t l\u00f6st daraufhin die Airbags auf, die von den jeweiligen sensoren gemeldet waren.\u00a0 Nachdem die Airbags ausgel\u00f6st sind, befinden sich im Airbagsteuerger\u00e4t CRASH Daten. Diese Crash Daten, lassen sich mit einem Diagnoseger\u00e4t nicht l\u00f6schen. Wir sind in der lage, diese Crash Daten zu l\u00f6schen und das Steuerger\u00e4t in derren Werkzustand zu setzen.<\/p>\n<p><strong>Lichtmaschine gewechselt<\/strong> Nicht selten kommt es vor, dass wenn Sie bei Renault Fahrzeugen die Lichtmaschine gewechseln danach die Airbagleuchte angeht und auch danach ebenfalls anbleibt. In diesem Fall befinden sich im Steuerger\u00e4t fehlerhafte Daten. Diese Daten k\u00f6nnen mittels eines Diagnoseger\u00e4t nicht gel\u00f6scht werden. Diese Art von Fehler ist ebenfalls zu reparieren. Kontaktieren Sie uns einfach unter unseren Telefonnummer.<\/p>\n<p><strong>T\u00fcrknall<\/strong> Bei einem zu festen T\u00fcrknall, kann es dazu f\u00fchren, dass das Seitenairbag ausgel\u00f6st wird. Der zu feste T\u00fcrknall, wird vom Airbagsteuerger\u00e4t als ein Crash interpretiert und wird dem entsprechend im Airbagsteuerger\u00e4t so gespeichert. Um das Airbagsteuerger\u00e4t zu reparieren m\u00fcssen die Crash Daten gel\u00f6scht werden und die Daten im Werkzustand gesetzt werden.<\/p>\n<p><strong>Wasserschaden<\/strong> Bei einem Wasserschaden liegt ein interner Fehler im Airbagsteuerer\u00e4t vor. Diese Art von Fehler ist ebenfalls zu reparieren. <strong>Sonstige Gr\u00fcnde<\/strong> Airbagsteuerger\u00e4te vom Hersteller Audi gehen meist bei einer sehr kalten Nacht defekt. Dieser Fehler l\u00e4sst sich dann auch nicht mit einem Diagnoseger\u00e4t l\u00f6schen. Bekannter Fall ist unter anderem folgendes Airbagsteuerger\u00e4t:<\/p>\n<ul>\n<li><em>Audi A4 Avant 02\/2000 Steuerger\u00e4tenummer 8D0959655J<\/em><\/li>\n<\/ul>\n<p>&nbsp;<\/p>\n<ul>\n<li><em>Audi TT 8N Steuerger\u00e4tenummer 8N8906601, 8N0959655A, 8N0959655D<\/em><\/li>\n<\/ul>\n<p>Die Reparatur beim Hersteller bei diesen Steuerger\u00e4ten liegt im Normalfall bis zu 850\u20ac. <strong><em>Allgemeine Fehlercodes<\/em><\/strong><\/p>\n<blockquote>\n<ul>\n<li>Fehlercode B1000 (Steuerger\u00e4t wechseln)<\/li>\n<li>Fehlercode B1010, B1315, B1000 Spannungsversorgung fehlerhaft \/ Airbagsteuerger\u00e4t fehlerhaft<\/li>\n<li>Fehlercode 65535 Steuerger\u00e4t defekt, Versorgungsspannung Signal zu klein<\/li>\n<li>Fehlercode 0214, FFFF, 0666, 0667, 04C1 Spannungsversorgung, Steuerger\u00e4t defekt, Seitenaufprallsensor links hinten, Seitenaufprallsensor rechtenhisten etc.<\/li>\n<\/ul>\n<\/blockquote>\n<p><strong>Ihr Airbagsteuerger\u00e4t ist aus einem ganz anderen defekt gegangen? Teilen Sie Ihre Erfahrung mit uns! <\/strong><\/p>\n","protected":false},"excerpt":{"rendered":"<p>Unfall Bei einem starken Verkehrsunfall melden die Sensoren eine Gefahr. Diese Gefahr wird dem Airbagsteuerger\u00e4t gemeldet. Das Airbagsteuerger\u00e4t l\u00f6st daraufhin die Airbags auf, die von den jeweiligen sensoren gemeldet waren.\u00a0 Nachdem die Airbags ausgel\u00f6st sind, befinden sich im Airbagsteuerger\u00e4t CRASH &hellip; <a href=\"https:\/\/www.steuergeraet-rep24.de\/wordpress\/ursache-defektes-steuergerat\/\">Continue reading <span class=\"meta-nav\">&rarr;<\/span><\/a><\/p>\n","protected":false},"author":1,"featured_media":0,"parent":0,"menu_order":5,"comment_status":"closed","ping_status":"closed","template":"sidebar-page.php","meta":[],"_links":{"self":[{"href":"https:\/\/www.steuergeraet-rep24.de\/wordpress\/wp-json\/wp\/v2\/pages\/200"}],"collection":[{"href":"https:\/\/www.steuergeraet-rep24.de\/wordpress\/wp-json\/wp\/v2\/pages"}],"about":[{"href":"https:\/\/www.steuergeraet-rep24.de\/wordpress\/wp-json\/wp\/v2\/types\/page"}],"author":[{"embeddable":true,"href":"https:\/\/www.steuergeraet-rep24.de\/wordpress\/wp-json\/wp\/v2\/users\/1"}],"replies":[{"embeddable":true,"href":"https:\/\/www.steuergeraet-rep24.de\/wordpress\/wp-json\/wp\/v2\/comments?post=200"}],"version-history":[{"count":29,"href":"https:\/\/www.steuergeraet-rep24.de\/wordpress\/wp-json\/wp\/v2\/pages\/200\/revisions"}],"predecessor-version":[{"id":831,"href":"https:\/\/www.steuergeraet-rep24.de\/wordpress\/wp-json\/wp\/v2\/pages\/200\/revisions\/831"}],"wp:attachment":[{"href":"https:\/\/www.steuergeraet-rep24.de\/wordpress\/wp-json\/wp\/v2\/media?parent=200"}],"curies":[{"name":"wp","href":"https:\/\/api.w.org\/{rel}","templated":true}]}}