{"id":309,"date":"2014-01-07T21:00:14","date_gmt":"2014-01-07T21:00:14","guid":{"rendered":"http:\/\/www.steuergeraet-rep24.de\/wordpress\/?page_id=309"},"modified":"2016-06-16T12:45:39","modified_gmt":"2016-06-16T12:45:39","slug":"airbagsteuergerat-codieren","status":"publish","type":"page","link":"https:\/\/www.steuergeraet-rep24.de\/wordpress\/airbagsteuergerat-codieren\/","title":{"rendered":"Airbagsteuerger\u00e4t codieren?"},"content":{"rendered":"<p>Der Unterschied zwischen einer Airbagsteuerger\u00e4t Reparatur und Airbagsteuerger\u00e4t Codierung ist ganz einfach. Bei der<strong> Airbagsteuerger\u00e4t Reparatur<\/strong> wird das Airbagsteuerger\u00e4t in den Werkzustand programmiert. Eine Airbagsteuerger\u00e4t Reparatur ist z.B. notwendig, wenn Sie ein Unfall hatten und dadurch die Airbags ausgel\u00f6st sind, in dem Fall liegen Crash Daten im Steuerger\u00e4t andernfalls ein interner Fehler vorliegt, der nicht gel\u00f6scht werden kann oder das Airbagsteuerger\u00e4t unter Feuchtigkeit gelitten hat etc. mehr dazu unter dem Link: Ursache Defekte Airbagsteuerger\u00e4t. Bei der <strong>Airbagsteuerger\u00e4t Codierung<\/strong> wird die VIN sprich die Fahrzeugidentnummer in das Airbagsteuerger\u00e4t geschrieben. Eine Airbagsteuerger\u00e4t Codierung ist immer notwendig, wenn Sie ein neues Steuerger\u00e4t gekauft haben, ein gebrauchtes Erworben haben oder Sie die Fahrzeugidentnummer aus irgend einen Grund mittels einen Diagnoseger\u00e4t aus dem Airbagsteuerger\u00e4t entfernt haben.<\/p>\n<ul>Folgende Schritte sind notwendig:<\/ul>\n<p><em><em><strong><\/strong> 1) Nehmen Sie die Zahlung <strong><\/strong>im Warenkorb links oben vor.<\/em><\/em><\/p>\n<p>2) Kopieren Sie den Fahrzeugschein(nur die Seite an dem die Fahrzeugidentnummer steht) und legen Sie diesen mit ins Packet ein. 3) Schicken Sie das Packet an unserer Postanschrift! <a href=\"https:\/\/www.steuergeraet-rep24.de\/wordpress\/wp-content\/uploads\/2014\/01\/Unbenannt.png\"><img decoding=\"async\" loading=\"lazy\" class=\"aligncenter size-full wp-image-315\" alt=\"Unbenannt\" src=\"https:\/\/www.steuergeraet-rep24.de\/wordpress\/wp-content\/uploads\/2014\/01\/Unbenannt.png\" width=\"456\" height=\"376\" srcset=\"https:\/\/www.steuergeraet-rep24.de\/wordpress\/wp-content\/uploads\/2014\/01\/Unbenannt.png 456w, https:\/\/www.steuergeraet-rep24.de\/wordpress\/wp-content\/uploads\/2014\/01\/Unbenannt-300x247.png 300w, https:\/\/www.steuergeraet-rep24.de\/wordpress\/wp-content\/uploads\/2014\/01\/Unbenannt-363x300.png 363w\" sizes=\"(max-width: 456px) 100vw, 456px\" \/><\/a><\/p>\n","protected":false},"excerpt":{"rendered":"<p>Der Unterschied zwischen einer Airbagsteuerger\u00e4t Reparatur und Airbagsteuerger\u00e4t Codierung ist ganz einfach. Bei der Airbagsteuerger\u00e4t Reparatur wird das Airbagsteuerger\u00e4t in den Werkzustand programmiert. Eine Airbagsteuerger\u00e4t Reparatur ist z.B. notwendig, wenn Sie ein Unfall hatten und dadurch die Airbags ausgel\u00f6st sind, &hellip; <a href=\"https:\/\/www.steuergeraet-rep24.de\/wordpress\/airbagsteuergerat-codieren\/\">Continue reading <span class=\"meta-nav\">&rarr;<\/span><\/a><\/p>\n","protected":false},"author":1,"featured_media":0,"parent":0,"menu_order":4,"comment_status":"open","ping_status":"open","template":"sidebar-page.php","meta":[],"_links":{"self":[{"href":"https:\/\/www.steuergeraet-rep24.de\/wordpress\/wp-json\/wp\/v2\/pages\/309"}],"collection":[{"href":"https:\/\/www.steuergeraet-rep24.de\/wordpress\/wp-json\/wp\/v2\/pages"}],"about":[{"href":"https:\/\/www.steuergeraet-rep24.de\/wordpress\/wp-json\/wp\/v2\/types\/page"}],"author":[{"embeddable":true,"href":"https:\/\/www.steuergeraet-rep24.de\/wordpress\/wp-json\/wp\/v2\/users\/1"}],"replies":[{"embeddable":true,"href":"https:\/\/www.steuergeraet-rep24.de\/wordpress\/wp-json\/wp\/v2\/comments?post=309"}],"version-history":[{"count":21,"href":"https:\/\/www.steuergeraet-rep24.de\/wordpress\/wp-json\/wp\/v2\/pages\/309\/revisions"}],"predecessor-version":[{"id":1196,"href":"https:\/\/www.steuergeraet-rep24.de\/wordpress\/wp-json\/wp\/v2\/pages\/309\/revisions\/1196"}],"wp:attachment":[{"href":"https:\/\/www.steuergeraet-rep24.de\/wordpress\/wp-json\/wp\/v2\/media?parent=309"}],"curies":[{"name":"wp","href":"https:\/\/api.w.org\/{rel}","templated":true}]}}