{"id":333,"date":"2014-01-13T23:44:34","date_gmt":"2014-01-13T23:44:34","guid":{"rendered":"http:\/\/www.steuergeraet-rep24.de\/wordpress\/?page_id=333"},"modified":"2017-05-19T19:12:56","modified_gmt":"2017-05-19T19:12:56","slug":"dienstleistungen","status":"publish","type":"page","link":"https:\/\/www.steuergeraet-rep24.de\/wordpress\/dienstleistungen\/","title":{"rendered":"Dienstleistungen"},"content":{"rendered":"<p><span style=\"text-decoration: underline;\"><strong>\u00a0\u00a0\u00a0\u00a0\u00a0\u00a0\u00a0\u00a0\u00a0\u00a0 Airbagsteuerger\u00e4t<\/strong><\/span><\/p>\n<ul>\n<li><em>\u00a0Airbagsteuerger\u00e4t Reparatur ( Softeware Werkzustand setzen ) <\/em><\/li>\n<li><em>Airbagsteuerger\u00e4t Crash Daten l\u00f6schen <\/em><\/li>\n<li><em>Airbagsteuerger\u00e4t Codierung <\/em><\/li>\n<li><em>Fahrzeugdiagnose \/ Fehlerspeicher l\u00f6schen <\/em><\/li>\n<li><em>Airbagsteuerger\u00e4t ein und ausbauen <\/em><\/li>\n<li><em>Kabelbaum vom Airbagsteuerger\u00e4t \u00fcberpr\u00fcfen\/reparieren<\/em><\/li>\n<\/ul>\n<p><span style=\"text-decoration: underline;\"><strong><strong>\u00a0\u00a0\u00a0\u00a0\u00a0\u00a0\u00a0\u00a0\u00a0\u00a0 Wegfahrsperre deaktivieren <\/strong><\/strong><\/span><\/p>\n<ul>\n<li><em> Wir deaktivieren Ihnen auf Wunsch die Wegfahrsperre aus Ihrem Motorsteuerger\u00e4t <\/em><\/li>\n<\/ul>\n<p><span style=\"text-decoration: underline;\"><strong><strong> <strong><strong>\u00a0\u00a0\u00a0\u00a0\u00a0\u00a0\u00a0\u00a0\u00a0\u00a0 Schl\u00fcsselprogrammierung<\/strong><\/strong> <em><\/em><\/strong><\/strong><\/span><\/p>\n<ul>\n<li><em> Transponder ersetzen<\/em><\/li>\n<li><em>Fahrzeugschl\u00fcssel codieren<\/em><\/li>\n<li><em>Neuen Schl\u00fcssel erstellen und codieren<\/em><\/li>\n<\/ul>\n<div id=\"attachment_975\" style=\"width: 210px\" class=\"wp-caption alignleft\"><a href=\"https:\/\/www.steuergeraet-rep24.de\/wordpress\/?page_id=616\"><img aria-describedby=\"caption-attachment-975\" decoding=\"async\" loading=\"lazy\" class=\"wp-image-975 \" style=\"border: 0px none; margin-top: 0px; margin-bottom: 0px;\" title=\"Schreiben Sie uns Ihr Anliegen!\" alt=\"kontaktformular\" src=\"https:\/\/www.steuergeraet-rep24.de\/wordpress\/wp-content\/uploads\/2014\/02\/kontaktformular.png\" width=\"200\" height=\"85\" \/><\/a><p id=\"caption-attachment-975\" class=\"wp-caption-text\"><strong>Reparaturanfrage? Wir helfen Ihnen gerne!<\/strong><\/p><\/div>\n<div id=\"attachment_980\" style=\"width: 130px\" class=\"wp-caption alignright\"><a href=\"https:\/\/www.steuergeraet-rep24.de\/wordpress\/?page_id=288\"><img aria-describedby=\"caption-attachment-980\" decoding=\"async\" loading=\"lazy\" class=\"wp-image-980  \" style=\"margin-top: 0px; margin-bottom: 0px; border: 0px none;\" alt=\"anfahrt\" src=\"https:\/\/www.steuergeraet-rep24.de\/wordpress\/wp-content\/uploads\/2014\/02\/anfahrt.png\" width=\"120\" height=\"105\" \/><\/a><p id=\"caption-attachment-980\" class=\"wp-caption-text\">Besuchen Sie uns vor Ort.<\/p><\/div>\n","protected":false},"excerpt":{"rendered":"<p>\u00a0\u00a0\u00a0\u00a0\u00a0\u00a0\u00a0\u00a0\u00a0\u00a0 Airbagsteuerger\u00e4t \u00a0Airbagsteuerger\u00e4t Reparatur ( Softeware Werkzustand setzen ) Airbagsteuerger\u00e4t Crash Daten l\u00f6schen Airbagsteuerger\u00e4t Codierung Fahrzeugdiagnose \/ Fehlerspeicher l\u00f6schen Airbagsteuerger\u00e4t ein und ausbauen Kabelbaum vom Airbagsteuerger\u00e4t \u00fcberpr\u00fcfen\/reparieren \u00a0\u00a0\u00a0\u00a0\u00a0\u00a0\u00a0\u00a0\u00a0\u00a0 Wegfahrsperre deaktivieren Wir deaktivieren Ihnen auf Wunsch die Wegfahrsperre aus Ihrem Motorsteuerger\u00e4t &hellip; <a href=\"https:\/\/www.steuergeraet-rep24.de\/wordpress\/dienstleistungen\/\">Continue reading <span class=\"meta-nav\">&rarr;<\/span><\/a><\/p>\n","protected":false},"author":1,"featured_media":0,"parent":0,"menu_order":4,"comment_status":"closed","ping_status":"closed","template":"sidebar-page.php","meta":[],"_links":{"self":[{"href":"https:\/\/www.steuergeraet-rep24.de\/wordpress\/wp-json\/wp\/v2\/pages\/333"}],"collection":[{"href":"https:\/\/www.steuergeraet-rep24.de\/wordpress\/wp-json\/wp\/v2\/pages"}],"about":[{"href":"https:\/\/www.steuergeraet-rep24.de\/wordpress\/wp-json\/wp\/v2\/types\/page"}],"author":[{"embeddable":true,"href":"https:\/\/www.steuergeraet-rep24.de\/wordpress\/wp-json\/wp\/v2\/users\/1"}],"replies":[{"embeddable":true,"href":"https:\/\/www.steuergeraet-rep24.de\/wordpress\/wp-json\/wp\/v2\/comments?post=333"}],"version-history":[{"count":11,"href":"https:\/\/www.steuergeraet-rep24.de\/wordpress\/wp-json\/wp\/v2\/pages\/333\/revisions"}],"predecessor-version":[{"id":1382,"href":"https:\/\/www.steuergeraet-rep24.de\/wordpress\/wp-json\/wp\/v2\/pages\/333\/revisions\/1382"}],"wp:attachment":[{"href":"https:\/\/www.steuergeraet-rep24.de\/wordpress\/wp-json\/wp\/v2\/media?parent=333"}],"curies":[{"name":"wp","href":"https:\/\/api.w.org\/{rel}","templated":true}]}}