{"id":452,"date":"2014-02-05T09:46:39","date_gmt":"2014-02-05T09:46:39","guid":{"rendered":"http:\/\/www.steuergeraet-rep24.de\/wordpress\/?page_id=452"},"modified":"2017-02-14T23:41:59","modified_gmt":"2017-02-14T23:41:59","slug":"452-2","status":"publish","type":"page","link":"https:\/\/www.steuergeraet-rep24.de\/wordpress\/452-2\/","title":{"rendered":"MERCEDES SCHL\u00dcSSEL REPARATUR \/ WEGFAHRSPERRE"},"content":{"rendered":"<p><a title=\"Mercedes EZS, ELV Reparatur, Schl\u00fcssel Programmierung\" href=\"https:\/\/www.steuergeraet-rep24.de\/wordpress\/?page_id=1243\">[Mercedes Schl\u00fcssel Reparatur]<\/a> [ Mercedes W204 Elektronisches Z\u00fcndschloss Reparatur] [ Mercedes W203 Elektronische Lenkradverreiglung Reparatur]<\/p>\n<p style=\"text-align: justify;\"><strong><a href=\"https:\/\/www.steuergeraet-rep24.de\/wordpress\/wp-content\/uploads\/2013\/03\/schluessel_anlernen.png\"><img decoding=\"async\" loading=\"lazy\" class=\"alignleft size-full wp-image-1010\" style=\"border: 0px;\" alt=\"schluessel_anlernen\" src=\"https:\/\/www.steuergeraet-rep24.de\/wordpress\/wp-content\/uploads\/2013\/03\/schluessel_anlernen.png\" width=\"199\" height=\"120\" \/><\/a>Ihr Hersteller kann keinen neuen \u00a0Schl\u00fcssel herstellen oder Sie haben Ihr Autoschl\u00fcssel VERLOREN?<\/strong> Ihr Autoschl\u00fcssel ist defekt? oder Sie haben ein Auto gekauft und Ihnen fehlt ein Autoschl\u00fcssel? F\u00fcr ein neuen Schl\u00fcssel zahlen Sie eine Menge an Geld.\u00a0<strong> <\/strong><\/p>\n<p style=\"text-align: justify;\">Wir haben uns auf die Reparatur defekter Autoschl\u00fcssel spezialisiert und verf\u00fcgen \u00fcber das n\u00f6tige Know-How um Ihr Autoschl\u00fcssel zu reparieren oder einen neuen zu erstellen. Bei uns sparen Sie bis zu 70 % im Vergleich eines neues Schl\u00fcssel. Wir gew\u00e4hren Ihnen selbsverst\u00e4ndlich 1 Jahr Gew\u00e4hrleistung von das von uns reparierten oder neu erstellten Autoschl\u00fcssels.<\/p>\n<p><iframe loading=\"lazy\" src=\"https:\/\/www.youtube.com\/embed\/eRi3KVdU6Q0\" height=\"315\" width=\"560\" allowfullscreen=\"\" frameborder=\"0\"><\/iframe><\/p>\n<ul>\n<li>EZS Reparatur<\/li>\n<li>ELV (Elektronische Lenkrad Verrieglung) Reparatur<\/li>\n<li>Schl\u00fcssel Programmierung \/ Schl\u00fcssel Reparatur<\/li>\n<\/ul>\n<p><strong>Fehlerbeschreibung:<\/strong> Sie k\u00f6nnen Ihr Fahrzeug nicht mehr mit dem Funkschl\u00fcssel \u00f6ffnen? Oder Ihr Z\u00fcndschl\u00fcssel l\u00e4sst sich nicht mehr im Z\u00fcndschloss (EZS) drehen? Der Schl\u00fcssel wird sogar gar nicht erkannt und die EZS reagiert gar nicht? Meistens tritt der Fehler sporadisch auf und wird irgendwann zum Dauerproblem! Die Ursache f\u00fcr diesen Fehler liegt i.d.r in dem Z\u00fcndschloss, der sogenannten EZS. Da die Reparatur in der Fachwerkstatt meistens den finanziellen Rahmen sprengt und leicht Kosten von bis zu 1200 \u20ac verursacht, haben wir uns auf die Reparatur Ihrer EZS und ELV spezialisiert. Mit\u00a0 unserer <strong>langj\u00e4hrigen Erfahrung<\/strong> im Bereich KFZ-Programmierung bringen wir das n\u00f6tige<strong> Wissen und Know-How<\/strong> um Ihnen eine kosteng\u00fcnstige Reparatur zu erm\u00f6glichen! Um eine einwandfreie Reparatur zu gew\u00e4hrleisten, ben\u00f6tigen wir die EZS (Z\u00fcndschloss) mit s\u00e4mtlichen dazugeh\u00f6rigen Schl\u00fcsseln, sowie eine Kopie des Fahrzeugscheins. <strong>Nach unserer Reparatur ist kein codieren\/anlernen mehr n\u00f6tig!<\/strong> Wir nutzen die vorhanden Daten Ihrer EZS, sodass Sie nach der Reparatur nichts mehr tun m\u00fcssen, au\u00dfer die EZS einzubauen und Ihr Fahrzeug mit Vergn\u00fcgen zu starten Sie haben folgende probleme ?<\/p>\n<ul>\n<li>mercedes wegfahrsperre probleme<\/li>\n<li>mercedes wegfahrsperre probleme<\/li>\n<li>w202 wegfahrsperre anlernen<\/li>\n<li>w202 schl\u00fcssel anlernen mopf<\/li>\n<li>mercedes wegfahrsperre \u00fcberbr\u00fccken<\/li>\n<li>mercedes wegfahrsperre umgehen<\/li>\n<li>wegfahrsperre mercedes w204<\/li>\n<li>wegfahrsperre mercedes w203<\/li>\n<li>mercedes schl\u00fcssel reparatur<\/li>\n<li>mercedes schl\u00fcssel reagiert nicht<\/li>\n<li>w203 schl\u00fcssel l\u00e4sst sich nicht drehen<\/li>\n<li>mercedes schl\u00fcssel defekt<\/li>\n<\/ul>\n<p>Dann sind Sie bei uns auch richtig!<\/p>\n<div id=\"attachment_975\" style=\"width: 210px\" class=\"wp-caption alignleft\"><a href=\"https:\/\/www.steuergeraet-rep24.de\/wordpress\/?page_id=616\"><img aria-describedby=\"caption-attachment-975\" decoding=\"async\" loading=\"lazy\" class=\"wp-image-975 \" style=\"border: 0px none; margin-top: 0px; margin-bottom: 0px;\" title=\"Schreiben Sie uns Ihr Anliegen!\" alt=\"kontaktformular\" src=\"https:\/\/www.steuergeraet-rep24.de\/wordpress\/wp-content\/uploads\/2014\/02\/kontaktformular.png\" width=\"200\" height=\"85\" \/><\/a><p id=\"caption-attachment-975\" class=\"wp-caption-text\"><strong>Reparaturanfrage? Wir helfen Ihnen gerne!<\/strong><\/p><\/div>\n<div id=\"attachment_980\" style=\"width: 130px\" class=\"wp-caption alignright\"><a href=\"https:\/\/www.steuergeraet-rep24.de\/wordpress\/wp-content\/uploads\/2014\/02\/Warenkorb.png\"><img aria-describedby=\"caption-attachment-980\" decoding=\"async\" loading=\"lazy\" class=\"wp-image-980 \" style=\"margin-top: 0px; margin-bottom: 0px; border: 0px none;\" alt=\"anfahrt\" src=\"https:\/\/www.steuergeraet-rep24.de\/wordpress\/wp-content\/uploads\/2014\/02\/anfahrt.png\" width=\"120\" height=\"105\" \/><\/a><p id=\"caption-attachment-980\" class=\"wp-caption-text\">Besuchen Sie uns vor Ort.<\/p><\/div>\n<p><a href=\"https:\/\/www.steuergeraet-rep24.de\/wordpress\/?page_id=900&amp;wpsg_action=showProdukt&amp;produkt_id=3\"><img decoding=\"async\" loading=\"lazy\" class=\" wp-image-988 alignnone\" style=\"border: 0px none; margin: 0px;\" title=\"Wegfahrsperre deaktivieren Warenkorb\" alt=\"Warenkorb\" src=\"https:\/\/www.steuergeraet-rep24.de\/wordpress\/wp-content\/uploads\/2014\/02\/Warenkorb.png\" width=\"122\" height=\"129\" \/><\/a><\/p>\n","protected":false},"excerpt":{"rendered":"<p>[Mercedes Schl\u00fcssel Reparatur] [ Mercedes W204 Elektronisches Z\u00fcndschloss Reparatur] [ Mercedes W203 Elektronische Lenkradverreiglung Reparatur] Ihr Hersteller kann keinen neuen \u00a0Schl\u00fcssel herstellen oder Sie haben Ihr Autoschl\u00fcssel VERLOREN? Ihr Autoschl\u00fcssel ist defekt? oder Sie haben ein Auto gekauft und Ihnen &hellip; <a href=\"https:\/\/www.steuergeraet-rep24.de\/wordpress\/452-2\/\">Continue reading <span class=\"meta-nav\">&rarr;<\/span><\/a><\/p>\n","protected":false},"author":1,"featured_media":0,"parent":0,"menu_order":0,"comment_status":"closed","ping_status":"closed","template":"sidebar-page.php","meta":[],"_links":{"self":[{"href":"https:\/\/www.steuergeraet-rep24.de\/wordpress\/wp-json\/wp\/v2\/pages\/452"}],"collection":[{"href":"https:\/\/www.steuergeraet-rep24.de\/wordpress\/wp-json\/wp\/v2\/pages"}],"about":[{"href":"https:\/\/www.steuergeraet-rep24.de\/wordpress\/wp-json\/wp\/v2\/types\/page"}],"author":[{"embeddable":true,"href":"https:\/\/www.steuergeraet-rep24.de\/wordpress\/wp-json\/wp\/v2\/users\/1"}],"replies":[{"embeddable":true,"href":"https:\/\/www.steuergeraet-rep24.de\/wordpress\/wp-json\/wp\/v2\/comments?post=452"}],"version-history":[{"count":41,"href":"https:\/\/www.steuergeraet-rep24.de\/wordpress\/wp-json\/wp\/v2\/pages\/452\/revisions"}],"predecessor-version":[{"id":1287,"href":"https:\/\/www.steuergeraet-rep24.de\/wordpress\/wp-json\/wp\/v2\/pages\/452\/revisions\/1287"}],"wp:attachment":[{"href":"https:\/\/www.steuergeraet-rep24.de\/wordpress\/wp-json\/wp\/v2\/media?parent=452"}],"curies":[{"name":"wp","href":"https:\/\/api.w.org\/{rel}","templated":true}]}}