{"id":544,"date":"2014-03-13T23:11:07","date_gmt":"2014-03-13T23:11:07","guid":{"rendered":"http:\/\/www.steuergeraet-rep24.de\/wordpress\/?page_id=544"},"modified":"2014-03-14T14:21:15","modified_gmt":"2014-03-14T14:21:15","slug":"platinen-reinigung-inkl-loetarbeiten","status":"publish","type":"page","link":"https:\/\/www.steuergeraet-rep24.de\/wordpress\/platinen-reinigung-inkl-loetarbeiten\/","title":{"rendered":"Platinen Reinigung inkl. L\u00f6tarbeiten"},"content":{"rendered":"<p style=\"text-align: justify;\">Im Falle, dass Ihr Steuerger\u00e4t einen Wasserschaden hat oder Sie sich einfach sicher sein wollen, das die elektronischen Verbindungen im Steuerger\u00e4t nicht unterbrochen sind, bieten wir den Dienst einer Platinenreinigung mit einen speziellen Mittel und das nachl\u00f6ten von L\u00f6tstellen im Steuerger\u00e4t an. Hierbei werden L\u00f6tstellen gr\u00fcndlich kontrolliert und ggf. nachgel\u00f6tet. Dieser Dienst beugt somit m\u00f6gliche Besch\u00e4digungen in Ihrem Steuerger\u00e4t vor. Au\u00dferdem k\u00f6nnen Sie hierdurch eine gro\u00dfe Investition einsparen, da bei vielen Steuerger\u00e4ten, sowohl Airbagsteuerger\u00e4ten als auch Motor und ABS Steuerger\u00e4te der Defekt an bestimmte l\u00f6tstellen bzw. unterbrechung im Stromkreis liegt.<\/p>\n<p style=\"text-align: justify;\">\n<p style=\"text-align: justify;\">Bitte kontaktieren Sie uns, wenn Sie Fragen hierzu haben.<\/p>\n<p style=\"text-align: justify;\">\n","protected":false},"excerpt":{"rendered":"<p>Im Falle, dass Ihr Steuerger\u00e4t einen Wasserschaden hat oder Sie sich einfach sicher sein wollen, das die elektronischen Verbindungen im Steuerger\u00e4t nicht unterbrochen sind, bieten wir den Dienst einer Platinenreinigung mit einen speziellen Mittel und das nachl\u00f6ten von L\u00f6tstellen im &hellip; <a href=\"https:\/\/www.steuergeraet-rep24.de\/wordpress\/platinen-reinigung-inkl-loetarbeiten\/\">Continue reading <span class=\"meta-nav\">&rarr;<\/span><\/a><\/p>\n","protected":false},"author":1,"featured_media":0,"parent":0,"menu_order":0,"comment_status":"open","ping_status":"open","template":"sidebar-page.php","meta":[],"_links":{"self":[{"href":"https:\/\/www.steuergeraet-rep24.de\/wordpress\/wp-json\/wp\/v2\/pages\/544"}],"collection":[{"href":"https:\/\/www.steuergeraet-rep24.de\/wordpress\/wp-json\/wp\/v2\/pages"}],"about":[{"href":"https:\/\/www.steuergeraet-rep24.de\/wordpress\/wp-json\/wp\/v2\/types\/page"}],"author":[{"embeddable":true,"href":"https:\/\/www.steuergeraet-rep24.de\/wordpress\/wp-json\/wp\/v2\/users\/1"}],"replies":[{"embeddable":true,"href":"https:\/\/www.steuergeraet-rep24.de\/wordpress\/wp-json\/wp\/v2\/comments?post=544"}],"version-history":[{"count":8,"href":"https:\/\/www.steuergeraet-rep24.de\/wordpress\/wp-json\/wp\/v2\/pages\/544\/revisions"}],"predecessor-version":[{"id":564,"href":"https:\/\/www.steuergeraet-rep24.de\/wordpress\/wp-json\/wp\/v2\/pages\/544\/revisions\/564"}],"wp:attachment":[{"href":"https:\/\/www.steuergeraet-rep24.de\/wordpress\/wp-json\/wp\/v2\/media?parent=544"}],"curies":[{"name":"wp","href":"https:\/\/api.w.org\/{rel}","templated":true}]}}